{"id":106,"date":"2022-02-16T13:15:27","date_gmt":"2022-02-16T11:15:27","guid":{"rendered":"https:\/\/www.cssigniter.com\/demos\/oikia\/?page_id=106"},"modified":"2023-02-22T13:39:02","modified_gmt":"2023-02-22T12:39:02","slug":"propety-search","status":"publish","type":"page","link":"https:\/\/ziemowit.net\/index.php\/propety-search\/","title":{"rendered":"Wyniki wyszukiwania:"},"content":{"rendered":"\n<p><\/p>\n\n\n\n<div id=\"block-055962-a736-4f\" class=\"wp-block-gutenbee-container block-055962-a736-4f\"><div class=\"wp-block-gutenbee-container-inner\"><div class=\"wp-block-gutenbee-container-row wp-block-gutenbee-container-lg\">\n<div class=\"wp-block-gutenbee-column block-809b06-ec64-4f\"><style>.wp-block-gutenbee-column.block-809b06-ec64-4f { flex-basis: 100%; }\n\n\n      @media (max-width: 991px) {\n        .wp-block-gutenbee-column.block-809b06-ec64-4f { flex-basis: 100%; }\n      }\n    \n\n      @media (max-width: 575px) {\n        .wp-block-gutenbee-column.block-809b06-ec64-4f { flex-basis: 100%; }\n      }<\/style><div class=\"wp-block-gutenbee-column-content\"><div class=\"property-search-form-horizontal\"><form class=\"property-search-form\" action=\"https:\/\/ziemowit.net\/index.php\/propety-search\/\" method=\"get\">\n\t<input type=\"hidden\" name=\"property_search\" value=\"1\" \/>\n\t<div class=\"row\">\n\n\t\t<div class=\"col-md-3 col-sm-6 col-12\">\n\t\t\t<label for=\"property_id\">Nr oferty<\/label>\n\t\t\t<input type=\"text\" id=\"property_id\" name=\"s_reference_id\" value=\"\" \/>\n\t\t<\/div>\n\n\t\t<div class=\"col-md-3 col-sm-6 col-12\">\n\t\t\t<label for=\"property_location\">Lokalizacja<\/label>\n\n\t\t\t<div class=\"ignition-oikia-select\">\n\t\t\t\t<select  name='s_property_location' id='property_location' class='postform'>\n\t<option value='' selected='selected'>dowolne<\/option>\n\t<option class=\"level-0\" value=\"62\">Grodziski powiat<\/option>\n\t<option class=\"level-1\" value=\"63\">&nbsp;&nbsp;&nbsp;Grodzisk Mazowiecki<\/option>\n\t<option class=\"level-2\" value=\"64\">&nbsp;&nbsp;&nbsp;&nbsp;&nbsp;&nbsp;Kady<\/option>\n\t<option class=\"level-2\" value=\"66\">&nbsp;&nbsp;&nbsp;&nbsp;&nbsp;&nbsp;Ksi\u0105\u017cenice<\/option>\n\t<option class=\"level-0\" value=\"70\">Pruszkowski powiat<\/option>\n\t<option class=\"level-0\" value=\"107\">Warszawa<\/option>\n\t<option class=\"level-1\" value=\"108\">&nbsp;&nbsp;&nbsp;Solec<\/option>\n\t<option class=\"level-1\" value=\"125\">&nbsp;&nbsp;&nbsp;Wo\u0142omin<\/option>\n<\/select>\n\t\t\t<\/div>\n\t\t<\/div>\n\n\n\t\t<div class=\"col-md-3 col-sm-6 col-12\">\n\t\t\t<label for=\"property_status\">Status<\/label>\n\n\t\t\t<div class=\"ignition-oikia-select\">\n\t\t\t\t<select  name='s_property_status' id='property_status' class='postform'>\n\t<option value='' selected='selected'>dowolne<\/option>\n\t<option class=\"level-0\" value=\"16\">Sprzeda\u017c<\/option>\n<\/select>\n\t\t\t<\/div>\n\t\t<\/div>\n\n\t\t<div class=\"col-md-3 col-sm-6 col-12\">\n\t\t\t<label for=\"property_type\">Typ<\/label>\n\n\t\t\t<div class=\"ignition-oikia-select\">\n\t\t\t\t<select  name='s_property_type' id='property_type' class='postform'>\n\t<option value='' selected='selected'>dowolne<\/option>\n\t<option class=\"level-0\" value=\"23\">Dom<\/option>\n\t<option class=\"level-1\" value=\"98\">&nbsp;&nbsp;&nbsp;dom wolnostoj\u0105cy<\/option>\n\t<option class=\"level-1\" value=\"101\">&nbsp;&nbsp;&nbsp;Kamienica<\/option>\n\t<option class=\"level-0\" value=\"76\">Dzia\u0142ka<\/option>\n\t<option class=\"level-1\" value=\"78\">&nbsp;&nbsp;&nbsp;Budowlana<\/option>\n\t<option class=\"level-0\" value=\"88\">Kszta\u0142t dzia\u0142ki<\/option>\n\t<option class=\"level-1\" value=\"89\">&nbsp;&nbsp;&nbsp;Prostok\u0105tny kszta\u0142t dzia\u0142ki<\/option>\n\t<option class=\"level-0\" value=\"122\">Aktywne<\/option>\n<\/select>\n\t\t\t<\/div>\n\t\t<\/div>\n\n\t\t<div class=\"col-md-3 col-sm-6 col-12\">\n\t\t\t<label for=\"property_beds\">Min. liczba sypialni<\/label>\n\n\t\t\t<div class=\"ignition-oikia-select\">\n\t\t\t\t<select id=\"property_beds\" name=\"min_bedrooms\">\n\t\t\t\t\t<option value=\"\">wiele<\/option>\n\t\t\t\t\t<option value=\"1\" >1<\/option><option value=\"2\" >2<\/option><option value=\"3\" >3<\/option><option value=\"4\" >4<\/option>\t\t\t\t<\/select>\n\t\t\t<\/div>\n\t\t<\/div>\n\n\t\t<div class=\"col-md-3 col-sm-6 col-12\">\n\t\t\t<label for=\"property_baths\">Min. liczba \u0142azienek<\/label>\n\n\t\t\t<div class=\"ignition-oikia-select\">\n\t\t\t\t<select id=\"property_baths\" name=\"min_bathrooms\">\n\t\t\t\t\t<option value=\"\">wiele<\/option>\n\t\t\t\t\t<option value=\"1\" >1<\/option><option value=\"2\" >2<\/option><option value=\"3\" >3<\/option><option value=\"4\" >4<\/option>\t\t\t\t<\/select>\n\t\t\t<\/div>\n\t\t<\/div>\n\n\t\t<div class=\"col-md-3 col-sm-6 col-12\">\n\t\t\t\t\t\t<label for=\"property_max_price\">Max. cena ( PLN)<\/label>\n\t\t\t<input type=\"number\" min=\"0\" step=\"100\" id=\"property_max_price\" name=\"max_price\" value=\"\"\/>\n\t\t<\/div>\n\n\t\t<div class=\"col-md-3 col-sm-6 col-12\">\n\t\t\t<input type=\"submit\" value=\"Wyszukaj nieruchomo\u015bci\" class=\"property-filters-submit\" \/>\n\t\t<\/div>\n\t<\/div>\n<\/form>\n<\/div>\n<\/div><\/div>\n<\/div><\/div><div class=\"wp-block-gutenbee-container-background\" data-parallax-speed=\"0.3\"><\/div><\/div>\n\n\n\n<div id=\"block-6a8e87-f8f5-41\" class=\"wp-block-gutenbee-container block-6a8e87-f8f5-41\"><style>.wp-block-gutenbee-container.block-6a8e87-f8f5-41 { margin-bottom: 80px; }<\/style><div class=\"wp-block-gutenbee-container-inner\"><div class=\"wp-block-gutenbee-container-row wp-block-gutenbee-container-lg\">\n<div class=\"wp-block-gutenbee-column block-ce0784-000c-4d\"><style>.wp-block-gutenbee-column.block-ce0784-000c-4d { flex-basis: 100%; }\n\n\n      @media (max-width: 991px) {\n        .wp-block-gutenbee-column.block-ce0784-000c-4d { flex-basis: 100%; }\n      }\n    \n\n      @media (max-width: 575px) {\n        .wp-block-gutenbee-column.block-ce0784-000c-4d { flex-basis: 100%; }\n      }<\/style><div class=\"wp-block-gutenbee-column-content\">\t\t<div class=\"shortcode-package-search-page\">\n\t\t\t<div class=\"row items row-columns-2\">\n\n\t\t\t\t\t\t\t<div class=\"col-sm-6 col-12\">\n<div id=\"entry-item-1025\" class=\"entry-item post-1025 ignition-property type-ignition-property status-publish has-post-thumbnail hentry ignition_property_type-dzialka-budowlana ignition_property_type-dzialka ignition_property_status-sprzedaz ignition_property_location-grodzisk-mazowiecki-gmina ignition_property_location-grodziski-powiat ignition_property_location-kady-gmina-grodzisk-mazowiecki ignition_property_agent-jadwiga-piwonska\">\n\t\t\t<figure class=\"entry-item-thumb\">\n\t\t\t<a href=\"https:\/\/ziemowit.net\/index.php\/property\/dzialka-budowlana-kady-grodzisk\/\">\n\t\t\t\t<img loading=\"lazy\" decoding=\"async\" width=\"615\" height=\"410\" src=\"https:\/\/ziemowit.net\/wp-content\/uploads\/2026\/02\/6194a797-2ddc-46bb-963e-bf962d72c7a5-615x410.avif\" class=\"attachment-ignition_item size-ignition_item not-transparent wp-post-image\" alt=\"\" srcset=\"https:\/\/ziemowit.net\/wp-content\/uploads\/2026\/02\/6194a797-2ddc-46bb-963e-bf962d72c7a5-615x410.avif 615w, https:\/\/ziemowit.net\/wp-content\/uploads\/2026\/02\/6194a797-2ddc-46bb-963e-bf962d72c7a5-870x580.avif 870w, https:\/\/ziemowit.net\/wp-content\/uploads\/2026\/02\/6194a797-2ddc-46bb-963e-bf962d72c7a5-1170x780.avif 1170w\" sizes=\"auto, (max-width: 615px) 100vw, 615px\" data-has-transparency=\"false\" data-dominant-color=\"7b8688\" style=\"--dominant-color: #7b8688;\" \/>\t\t\t<\/a>\n\t\t<\/figure>\n\t\n\t<div class=\"entry-item-content\">\n\t\t<h2 class=\"entry-item-title\"><a href=\"https:\/\/ziemowit.net\/index.php\/property\/dzialka-budowlana-kady-grodzisk\/\">Dzia\u0142ka budowlana Kady, Grodzisk Mazowiecki \u2013 1 535 m\u00b2 | Przy WKD |<\/a><\/h2>\n\t\t<div class=\"entry-meta\">\n\t\t\t<div class=\"entry-meta\"><span class=\"entry-meta-item entry-categories\"><a href=\"https:\/\/ziemowit.net\/index.php\/property-type\/dzialka-budowlana\/\">Budowlana<\/a><a href=\"https:\/\/ziemowit.net\/index.php\/property-type\/dzialka\/\">Dzia\u0142ka<\/a><a href=\"https:\/\/ziemowit.net\/index.php\/property-status\/sprzedaz\/\">Sprzeda\u017c<\/a><\/span><\/div>\t\t<\/div>\n\n\t\t\n\t\t<a href=\"https:\/\/ziemowit.net\/index.php\/property\/dzialka-budowlana-kady-grodzisk\/\" class=\"btn btn-entry-more\">\n\t\t\t<span class=\"ignition-icons ignition-icons-long-arrow-alt-down\"><span class=\"screen-reader-text\">Cena obni\u017cona.<\/span><\/span>  450&nbsp;000 PLN\t\t<\/a>\n\t<\/div>\n<\/div>\n<\/div>\t\t\t\t<div class=\"col-sm-6 col-12\">\n<div id=\"entry-item-814\" class=\"entry-item post-814 ignition-property type-ignition-property status-publish has-post-thumbnail hentry ignition_property_type-kamienica ignition_property_status-sprzedaz ignition_property_location-warszawa ignition_property_location-wolomin ignition_property_agent-jadwiga-piwonska\">\n\t\t\t<figure class=\"entry-item-thumb\">\n\t\t\t<a href=\"https:\/\/ziemowit.net\/index.php\/property\/kamienica-centrum-warszawy\/\">\n\t\t\t\t<img loading=\"lazy\" decoding=\"async\" width=\"615\" height=\"410\" src=\"https:\/\/ziemowit.net\/wp-content\/uploads\/2025\/03\/rozana-Post-na-Facebooka-10-615x410.avif\" class=\"attachment-ignition_item size-ignition_item not-transparent wp-post-image\" alt=\"\" srcset=\"https:\/\/ziemowit.net\/wp-content\/uploads\/2025\/03\/rozana-Post-na-Facebooka-10-615x410.avif 615w, https:\/\/ziemowit.net\/wp-content\/uploads\/2025\/03\/rozana-Post-na-Facebooka-10-870x580.avif 870w\" sizes=\"auto, (max-width: 615px) 100vw, 615px\" data-has-transparency=\"false\" data-dominant-color=\"a9aaa3\" style=\"--dominant-color: #a9aaa3;\" \/>\t\t\t<\/a>\n\t\t<\/figure>\n\t\n\t<div class=\"entry-item-content\">\n\t\t<h2 class=\"entry-item-title\"><a href=\"https:\/\/ziemowit.net\/index.php\/property\/kamienica-centrum-warszawy\/\">Kamienica w centrum, 5 mieszka\u0144, Dzia\u0142ka 995m2<\/a><\/h2>\n\t\t<div class=\"entry-meta\">\n\t\t\t<div class=\"entry-meta\"><span class=\"entry-meta-item entry-categories\"><a href=\"https:\/\/ziemowit.net\/index.php\/property-type\/kamienica\/\">Kamienica<\/a><a href=\"https:\/\/ziemowit.net\/index.php\/property-status\/sprzedaz\/\">Sprzeda\u017c<\/a><\/span><\/div>\t\t<\/div>\n\n\t\t\t\t\t<div class=\"entry-item-excerpt\">\n\t\t\t\t<p>Nieruchomo\u015b\u0107 w centrum Wo\u0142omina: 5 mieszka\u0144 na du\u017cej dzia\u0142ce, mo\u017cliwo\u015b\u0107 rozbudowy, idealna pod wynajem lub dla rodziny.<\/p>\n\t\t\t<\/div>\n\t\t\n\t\t<a href=\"https:\/\/ziemowit.net\/index.php\/property\/kamienica-centrum-warszawy\/\" class=\"btn btn-entry-more\">\n\t\t\t<span class=\"ignition-icons ignition-icons-long-arrow-alt-down\"><span class=\"screen-reader-text\">Cena obni\u017cona.<\/span><\/span>  1&nbsp;850&nbsp;000 PLN <sup>6 852 z\u0142\/m\u00b2<\/sup>\t\t<\/a>\n\t<\/div>\n<\/div>\n<\/div>\t\t\t\t<div class=\"col-sm-6 col-12\">\n<div id=\"entry-item-794\" class=\"entry-item post-794 ignition-property type-ignition-property status-publish has-post-thumbnail hentry ignition_property_type-dom ignition_property_type-dom-wolnostojacy ignition_property_type-ksztalt-dzialki ignition_property_type-prostokatny-ksztalt-dzialki ignition_property_status-sprzedaz ignition_property_amenity-garaz ignition_property_amenity-taras ignition_property_location-powiat-pruszkowski ignition_property_agent-jadwiga-piwonska\">\n\t\t\t<figure class=\"entry-item-thumb\">\n\t\t\t<a href=\"https:\/\/ziemowit.net\/index.php\/property\/dom-zolwin\/\">\n\t\t\t\t<img loading=\"lazy\" decoding=\"async\" width=\"615\" height=\"410\" src=\"https:\/\/ziemowit.net\/wp-content\/uploads\/2024\/12\/rozana-Post-na-Facebooka-9-615x410.avif\" class=\"attachment-ignition_item size-ignition_item has-transparency wp-post-image\" alt=\"\" srcset=\"https:\/\/ziemowit.net\/wp-content\/uploads\/2024\/12\/rozana-Post-na-Facebooka-9-615x410.avif 615w, https:\/\/ziemowit.net\/wp-content\/uploads\/2024\/12\/rozana-Post-na-Facebooka-9-870x580.avif 870w\" sizes=\"auto, (max-width: 615px) 100vw, 615px\" data-has-transparency=\"true\" data-dominant-color=\"b9bca6\" style=\"--dominant-color: #b9bca6;\" \/>\t\t\t<\/a>\n\t\t<\/figure>\n\t\n\t<div class=\"entry-item-content\">\n\t\t<h2 class=\"entry-item-title\"><a href=\"https:\/\/ziemowit.net\/index.php\/property\/dom-zolwin\/\">Dom w \u017b\u00f3\u0142winie \u2013 1100 m\u00b2 dzia\u0142ki, media, dobra lokalizacja<\/a><\/h2>\n\t\t<div class=\"entry-meta\">\n\t\t\t<div class=\"entry-meta\"><span class=\"entry-meta-item entry-categories\"><a href=\"https:\/\/ziemowit.net\/index.php\/property-type\/dom\/\">Dom<\/a><a href=\"https:\/\/ziemowit.net\/index.php\/property-type\/dom-wolnostojacy\/\">dom wolnostoj\u0105cy<\/a><a href=\"https:\/\/ziemowit.net\/index.php\/property-type\/ksztalt-dzialki\/\">Kszta\u0142t dzia\u0142ki<\/a><a href=\"https:\/\/ziemowit.net\/index.php\/property-type\/prostokatny-ksztalt-dzialki\/\">Prostok\u0105tny kszta\u0142t dzia\u0142ki<\/a><a href=\"https:\/\/ziemowit.net\/index.php\/property-status\/sprzedaz\/\">Sprzeda\u017c<\/a><\/span><\/div>\t\t<\/div>\n\n\t\t\t\t\t<div class=\"entry-item-excerpt\">\n\t\t\t\t<p>Dom w \u017b\u00f3\u0142winie \u2013 presti\u017cowa lokalizacja przy Podkowie Le\u015bnej<br \/>\n150 m\u00b2, 1100 m\u00b2 dzia\u0142ki, stan surowy otwarty. Media w granicy, dziennik budowy, cisza, las i szybki dojazd do Warszawy.<\/p>\n\t\t\t<\/div>\n\t\t\n\t\t<a href=\"https:\/\/ziemowit.net\/index.php\/property\/dom-zolwin\/\" class=\"btn btn-entry-more\">\n\t\t\t<span class=\"ignition-icons ignition-icons-long-arrow-alt-down\"><span class=\"screen-reader-text\">Cena obni\u017cona.<\/span><\/span>  775&nbsp;000 PLN\t\t<\/a>\n\t<\/div>\n<\/div>\n<\/div>\t\t\t\t<div class=\"col-sm-6 col-12\">\n<div id=\"entry-item-772\" class=\"entry-item post-772 ignition-property type-ignition-property status-publish has-post-thumbnail hentry ignition_property_type-dzialka-budowlana ignition_property_type-dzialka ignition_property_type-prostokatny-ksztalt-dzialki ignition_property_status-sprzedaz ignition_property_location-ksiazenice-gmina-grodzisk-mazowiecki ignition_property_agent-jadwiga-piwonska\">\n\t\t\t<figure class=\"entry-item-thumb\">\n\t\t\t<a href=\"https:\/\/ziemowit.net\/index.php\/property\/dzialka-lesno-budowlana-ksiazenice\/\">\n\t\t\t\t<img loading=\"lazy\" decoding=\"async\" width=\"615\" height=\"410\" src=\"https:\/\/ziemowit.net\/wp-content\/uploads\/2024\/11\/IMG_5517-615x410.avif\" class=\"attachment-ignition_item size-ignition_item not-transparent wp-post-image\" alt=\"\" srcset=\"https:\/\/ziemowit.net\/wp-content\/uploads\/2024\/11\/IMG_5517-615x410.avif 615w, https:\/\/ziemowit.net\/wp-content\/uploads\/2024\/11\/IMG_5517-870x580.avif 870w, https:\/\/ziemowit.net\/wp-content\/uploads\/2024\/11\/IMG_5517-1170x780.avif 1170w\" sizes=\"auto, (max-width: 615px) 100vw, 615px\" data-has-transparency=\"false\" data-dominant-color=\"575923\" style=\"--dominant-color: #575923;\" \/>\t\t\t<\/a>\n\t\t<\/figure>\n\t\n\t<div class=\"entry-item-content\">\n\t\t<h2 class=\"entry-item-title\"><a href=\"https:\/\/ziemowit.net\/index.php\/property\/dzialka-lesno-budowlana-ksiazenice\/\">Dzia\u0142ka le\u015bno-budowlana 6500 m\u00b2 | Ksi\u0105\u017cenice, Grodzisk Mazowiec<\/a><\/h2>\n\t\t<div class=\"entry-meta\">\n\t\t\t<div class=\"entry-meta\"><span class=\"entry-meta-item entry-categories\"><a href=\"https:\/\/ziemowit.net\/index.php\/property-type\/dzialka-budowlana\/\">Budowlana<\/a><a href=\"https:\/\/ziemowit.net\/index.php\/property-type\/dzialka\/\">Dzia\u0142ka<\/a><a href=\"https:\/\/ziemowit.net\/index.php\/property-type\/prostokatny-ksztalt-dzialki\/\">Prostok\u0105tny kszta\u0142t dzia\u0142ki<\/a><a href=\"https:\/\/ziemowit.net\/index.php\/property-status\/sprzedaz\/\">Sprzeda\u017c<\/a><\/span><\/div>\t\t<\/div>\n\n\t\t\t\t\t<div class=\"entry-item-excerpt\">\n\t\t\t\t<p>Twoje miejsce w\u015br\u00f3d drzew \u2013 6500 m\u00b2 w Ksi\u0105\u017cenicach! <\/p>\n\t\t\t<\/div>\n\t\t\n\t\t<a href=\"https:\/\/ziemowit.net\/index.php\/property\/dzialka-lesno-budowlana-ksiazenice\/\" class=\"btn btn-entry-more\">\n\t\t\t<span class=\"ignition-icons ignition-icons-long-arrow-alt-down\"><span class=\"screen-reader-text\">Cena obni\u017cona.<\/span><\/span>  1&nbsp;390&nbsp;000 PLN <sup>PLN<\/sup>\t\t<\/a>\n\t<\/div>\n<\/div>\n<\/div>\t\t\t\t<div class=\"col-sm-6 col-12\">\n<div id=\"entry-item-253\" class=\"entry-item post-253 ignition-property type-ignition-property status-publish has-post-thumbnail hentry ignition_property_type-aktywne ignition_property_type-dzialka-budowlana ignition_property_type-dzialka ignition_property_status-sprzedaz ignition_property_location-solec ignition_property_location-warszawa ignition_property_agent-jadwiga-piwonska\">\n\t\t\t<figure class=\"entry-item-thumb\">\n\t\t\t<a href=\"https:\/\/ziemowit.net\/index.php\/property\/dzialka-blisko-warszawy-solec\/\">\n\t\t\t\t<img loading=\"lazy\" decoding=\"async\" width=\"615\" height=\"410\" src=\"https:\/\/ziemowit.net\/wp-content\/uploads\/2022\/03\/rozana-Post-na-Facebooka-5-615x410.png\" class=\"attachment-ignition_item size-ignition_item wp-post-image\" alt=\"\" srcset=\"https:\/\/ziemowit.net\/wp-content\/uploads\/2022\/03\/rozana-Post-na-Facebooka-5-615x410.png 615w, https:\/\/ziemowit.net\/wp-content\/uploads\/2022\/03\/rozana-Post-na-Facebooka-5-870x580.png 870w\" sizes=\"auto, (max-width: 615px) 100vw, 615px\" \/>\t\t\t<\/a>\n\t\t<\/figure>\n\t\n\t<div class=\"entry-item-content\">\n\t\t<h2 class=\"entry-item-title\"><a href=\"https:\/\/ziemowit.net\/index.php\/property\/dzialka-blisko-warszawy-solec\/\">Dzia\u0142ka budowlana w Solcu \u2013 las, cisza, 20 km od Warszawy<\/a><\/h2>\n\t\t<div class=\"entry-meta\">\n\t\t\t<div class=\"entry-meta\"><span class=\"entry-meta-item entry-categories\"><a href=\"https:\/\/ziemowit.net\/index.php\/property-type\/aktywne\/\">Aktywne<\/a><a href=\"https:\/\/ziemowit.net\/index.php\/property-type\/dzialka-budowlana\/\">Budowlana<\/a><a href=\"https:\/\/ziemowit.net\/index.php\/property-type\/dzialka\/\">Dzia\u0142ka<\/a><a href=\"https:\/\/ziemowit.net\/index.php\/property-status\/sprzedaz\/\">Sprzeda\u017c<\/a><\/span><\/div>\t\t<\/div>\n\n\t\t\t\t\t<div class=\"entry-item-excerpt\">\n\t\t\t\t<p>Dzia\u0142ka w Solcu \u2013 las, spok\u00f3j, 20 min do Warszawy<br \/>\nMedia przy dzia\u0142ce, MPZP, zabudowane s\u0105siedztwo. Idealna pod dom.<\/p>\n\t\t\t<\/div>\n\t\t\n\t\t<a href=\"https:\/\/ziemowit.net\/index.php\/property\/dzialka-blisko-warszawy-solec\/\" class=\"btn btn-entry-more\">\n\t\t\t<span class=\"ignition-icons ignition-icons-long-arrow-alt-down\"><span class=\"screen-reader-text\">Cena obni\u017cona.<\/span><\/span>  260&nbsp;000 PLN <sup>PLN<\/sup>\t\t<\/a>\n\t<\/div>\n<\/div>\n<\/div>\n\t\t\t<\/div>\n\n\t\t\t\n\t\t<\/div>\n\t\t\n<\/div><\/div>\n<\/div><\/div><div class=\"wp-block-gutenbee-container-background\" data-parallax-speed=\"0.3\"><\/div><\/div>\n","protected":false},"excerpt":{"rendered":"","protected":false},"author":1,"featured_media":0,"parent":0,"menu_order":0,"comment_status":"closed","ping_status":"closed","template":"templates\/template-fullwidth-boxed.php","meta":{"footnotes":""},"class_list":["post-106","page","type-page","status-publish","hentry"],"aioseo_notices":[],"_links":{"self":[{"href":"https:\/\/ziemowit.net\/index.php\/wp-json\/wp\/v2\/pages\/106","targetHints":{"allow":["GET"]}}],"collection":[{"href":"https:\/\/ziemowit.net\/index.php\/wp-json\/wp\/v2\/pages"}],"about":[{"href":"https:\/\/ziemowit.net\/index.php\/wp-json\/wp\/v2\/types\/page"}],"author":[{"embeddable":true,"href":"https:\/\/ziemowit.net\/index.php\/wp-json\/wp\/v2\/users\/1"}],"replies":[{"embeddable":true,"href":"https:\/\/ziemowit.net\/index.php\/wp-json\/wp\/v2\/comments?post=106"}],"version-history":[{"count":4,"href":"https:\/\/ziemowit.net\/index.php\/wp-json\/wp\/v2\/pages\/106\/revisions"}],"predecessor-version":[{"id":453,"href":"https:\/\/ziemowit.net\/index.php\/wp-json\/wp\/v2\/pages\/106\/revisions\/453"}],"wp:attachment":[{"href":"https:\/\/ziemowit.net\/index.php\/wp-json\/wp\/v2\/media?parent=106"}],"curies":[{"name":"wp","href":"https:\/\/api.w.org\/{rel}","templated":true}]}}