{"id":313,"date":"2022-07-05T22:10:36","date_gmt":"2022-07-05T20:10:36","guid":{"rendered":"https:\/\/ziemowit.net\/?page_id=313"},"modified":"2023-02-12T23:23:16","modified_gmt":"2023-02-12T22:23:16","slug":"uslugi","status":"publish","type":"page","link":"https:\/\/ziemowit.net\/index.php\/uslugi\/","title":{"rendered":"Us\u0142ugi doradcze"},"content":{"rendered":"\n<h2 class=\"wp-block-heading\">\u015awiadczymy us\u0142ugi dodatkowe dla klient\u00f3w samodzielnie dokonuj\u0105cych transakcji<\/h2>\n\n\n\n<ul class=\"wp-block-list\">\n<li>analiza nieruchomo\u015bci &#8211; znale\u017ali\u015bcie Pa\u0144stwo nieruchomo\u015b\u0107 i chcecie j\u0105 zakupi\u0107 bezpo\u015brednio od w\u0142a\u015bciciela &#8211; potrzebujecie fachowego wsparcia w analizie dokument\u00f3w, otoczenia, zapis\u00f3w dotycz\u0105cych plan\u00f3w gminnych itd.<\/li>\n\n\n\n<li>negocjacje &#8211; prowadzicie Pa\u0144stwo rozmowy zakupu\/sprzeda\u017cy i chcecie wsparcia profesjonalisty w tym zakresie<\/li>\n\n\n\n<li><a href=\"https:\/\/ziemowit.net\/index.php\/wyszukiwanie-na-zlecenie\/\" title=\"Wyszukiwanie na zlecenie\">wyszukiwanie nieruchomo\u015bci (w tym niedost\u0119pnych w ofertach biur i w internecie)<\/a><\/li>\n<\/ul>\n\n\n\n<p>Je\u015bli interesuje Pa\u0144stwa wybrana us\u0142uga prosimy o <a href=\"http:\/\/kontat\" title=\"kontakt w celu okre\u015blenia zakresu prac i wynagrodzenia.\">kontakt w celu okre\u015blenia zakresu prac i wynagrodzenia.<\/a><\/p>\n","protected":false},"excerpt":{"rendered":"<p>\u015awiadczymy us\u0142ugi dodatkowe dla klient\u00f3w samodzielnie dokonuj\u0105cych transakcji Je\u015bli interesuje Pa\u0144stwa wybrana us\u0142uga prosimy o kontakt w celu okre\u015blenia zakresu prac i wynagrodzenia.<\/p>\n","protected":false},"author":1,"featured_media":0,"parent":0,"menu_order":0,"comment_status":"closed","ping_status":"closed","template":"","meta":{"footnotes":""},"class_list":["post-313","page","type-page","status-publish","hentry"],"aioseo_notices":[],"_links":{"self":[{"href":"https:\/\/ziemowit.net\/index.php\/wp-json\/wp\/v2\/pages\/313","targetHints":{"allow":["GET"]}}],"collection":[{"href":"https:\/\/ziemowit.net\/index.php\/wp-json\/wp\/v2\/pages"}],"about":[{"href":"https:\/\/ziemowit.net\/index.php\/wp-json\/wp\/v2\/types\/page"}],"author":[{"embeddable":true,"href":"https:\/\/ziemowit.net\/index.php\/wp-json\/wp\/v2\/users\/1"}],"replies":[{"embeddable":true,"href":"https:\/\/ziemowit.net\/index.php\/wp-json\/wp\/v2\/comments?post=313"}],"version-history":[{"count":4,"href":"https:\/\/ziemowit.net\/index.php\/wp-json\/wp\/v2\/pages\/313\/revisions"}],"predecessor-version":[{"id":422,"href":"https:\/\/ziemowit.net\/index.php\/wp-json\/wp\/v2\/pages\/313\/revisions\/422"}],"wp:attachment":[{"href":"https:\/\/ziemowit.net\/index.php\/wp-json\/wp\/v2\/media?parent=313"}],"curies":[{"name":"wp","href":"https:\/\/api.w.org\/{rel}","templated":true}]}}