{"id":36,"date":"2022-02-14T15:16:27","date_gmt":"2022-02-14T13:16:27","guid":{"rendered":"https:\/\/www.cssigniter.com\/demos\/oikia\/?page_id=36"},"modified":"2026-04-20T17:50:15","modified_gmt":"2026-04-20T15:50:15","slug":"home","status":"publish","type":"page","link":"https:\/\/ziemowit.net\/","title":{"rendered":"Najlepsze Nieruchomo\u015bci Podkowa Le\u015bna i Okolice &#8211; Domy i Dzia\u0142ki | Ziemowit"},"content":{"rendered":"\n<div id=\"block-8bcf54-7f86-48\" class=\"wp-block-gutenbee-container alignfull block-8bcf54-7f86-48\"><style>.wp-block-gutenbee-container.block-8bcf54-7f86-48 { margin-bottom: 0px; }<\/style><div class=\"wp-block-gutenbee-container-inner\"><div class=\"wp-block-gutenbee-container-row wp-block-gutenbee-container-lg\">\n<div class=\"wp-block-gutenbee-column block-c80613-0e73-43\"><style>.wp-block-gutenbee-column.block-c80613-0e73-43 { flex-basis: 100%; }\n      @media (max-width: 991px) {\n        .wp-block-gutenbee-column.block-c80613-0e73-43 { flex-basis: 100%; }\n      \n    \n      @media (max-width: 575px) {\n        .wp-block-gutenbee-column.block-c80613-0e73-43 { flex-basis: 100%; }\n      }<\/style><div class=\"wp-block-gutenbee-column-content\">\n<div\n\tid=\"maxslider-70\"\n\tclass=\"ignition-slideshow ignition-slick-slider maxslider-nav-bottom-left\"\n\tdata-autoslide=\"false\" data-effect=\"fade\" data-slide-speed=\"5000\" data-height=\"670\" data-height_unit=\"px\" data-navigation=\"all\" data-navigation_fg_color=\"\" data-navigation_bg_color=\"\" data-image_size=\"full\" data-arrows=\"\" data-arrows_fg_color=\"\" data-arrows_bg_color=\"\" >\n\t\t<div class=\"maxslider-slide maxslider-70-slide-0\">\n\t\t<div class=\"maxslider-slide-content\">\n\t\t\t<div class=\"maxslider-slide-content-pad\">\n\t\t\t\t\t\t\t\t\t<h3 class=\"maxslider-slide-title\">\n\t\t\t\t\t\tZiemowit\t\t\t\t\t<\/h3>\n\t\t\t\t\n\t\t\t\t\t\t\t<\/div>\n\t\t<\/div>\n\t<\/div>\n\t<div class=\"maxslider-slide maxslider-70-slide-1\">\n\t\t<div class=\"maxslider-slide-content\">\n\t\t\t<div class=\"maxslider-slide-content-pad\">\n\t\t\t\t\t\t\t\t\t<h3 class=\"maxslider-slide-title\">\n\t\t\t\t\t\tNIERUCHOMO\u015aCI\t\t\t\t\t<\/h3>\n\t\t\t\t\n\t\t\t\t\t\t\t<\/div>\n\t\t<\/div>\n\t<\/div>\n\t<div class=\"ignition-slideshow-actions-wrap\">\n\t\t<div class=\"ignition-slideshow-actions\">\n\t\t\t<div class=\"ignition-slideshow-dots\"><\/div>\n\t\t\t<div class=\"ignition-slideshow-arrows\"><\/div>\n\t\t<\/div>\n\t<\/div>\n<\/div>\n\n<\/div><\/div>\n<\/div><\/div><div class=\"wp-block-gutenbee-container-background\" data-parallax-speed=\"0.3\"><\/div><\/div>\n\n\n\n<p><\/p>\n\n\n\n<p><\/p>\n\n\n<div class=\"property-search-form-horizontal\"><form class=\"property-search-form\" action=\"https:\/\/ziemowit.net\/index.php\/propety-search\/\" method=\"get\">\n\t<input type=\"hidden\" name=\"property_search\" value=\"1\" \/>\n\t<div class=\"row\">\n\n\t\t<div class=\"col-md-3 col-sm-6 col-12\">\n\t\t\t<label for=\"property_id\">Nr oferty<\/label>\n\t\t\t<input type=\"text\" id=\"property_id\" name=\"s_reference_id\" value=\"\" \/>\n\t\t<\/div>\n\n\t\t<div class=\"col-md-3 col-sm-6 col-12\">\n\t\t\t<label for=\"property_location\">Lokalizacja<\/label>\n\n\t\t\t<div class=\"ignition-oikia-select\">\n\t\t\t\t<select  name='s_property_location' id='property_location' class='postform'>\n\t<option value='' selected='selected'>dowolne<\/option>\n\t<option class=\"level-0\" value=\"62\">Grodziski powiat<\/option>\n\t<option class=\"level-1\" value=\"63\">&nbsp;&nbsp;&nbsp;Grodzisk Mazowiecki<\/option>\n\t<option class=\"level-2\" value=\"64\">&nbsp;&nbsp;&nbsp;&nbsp;&nbsp;&nbsp;Kady<\/option>\n\t<option class=\"level-2\" value=\"66\">&nbsp;&nbsp;&nbsp;&nbsp;&nbsp;&nbsp;Ksi\u0105\u017cenice<\/option>\n\t<option class=\"level-0\" value=\"107\">Warszawa<\/option>\n\t<option class=\"level-1\" value=\"118\">&nbsp;&nbsp;&nbsp;Wola<\/option>\n<\/select>\n\t\t\t<\/div>\n\t\t<\/div>\n\n\n\t\t<div class=\"col-md-3 col-sm-6 col-12\">\n\t\t\t<label for=\"property_status\">Status<\/label>\n\n\t\t\t<div class=\"ignition-oikia-select\">\n\t\t\t\t<select  name='s_property_status' id='property_status' class='postform'>\n\t<option value='' selected='selected'>dowolne<\/option>\n\t<option class=\"level-0\" value=\"15\">Wynajem<\/option>\n\t<option class=\"level-0\" value=\"16\">Sprzeda\u017c<\/option>\n<\/select>\n\t\t\t<\/div>\n\t\t<\/div>\n\n\t\t<div class=\"col-md-3 col-sm-6 col-12\">\n\t\t\t<label for=\"property_type\">Typ<\/label>\n\n\t\t\t<div class=\"ignition-oikia-select\">\n\t\t\t\t<select  name='s_property_type' id='property_type' class='postform'>\n\t<option value='' selected='selected'>dowolne<\/option>\n\t<option class=\"level-0\" value=\"11\">Mieszkanie<\/option>\n\t<option class=\"level-0\" value=\"76\">Dzia\u0142ka<\/option>\n\t<option class=\"level-1\" value=\"78\">&nbsp;&nbsp;&nbsp;Budowlana<\/option>\n\t<option class=\"level-0\" value=\"88\">Kszta\u0142t dzia\u0142ki<\/option>\n\t<option class=\"level-1\" value=\"89\">&nbsp;&nbsp;&nbsp;Prostok\u0105tny kszta\u0142t dzia\u0142ki<\/option>\n\t<option class=\"level-0\" value=\"122\">Aktywne<\/option>\n<\/select>\n\t\t\t<\/div>\n\t\t<\/div>\n\n\t\t<div class=\"col-md-3 col-sm-6 col-12\">\n\t\t\t<label for=\"property_beds\">Min. liczba sypialni<\/label>\n\n\t\t\t<div class=\"ignition-oikia-select\">\n\t\t\t\t<select id=\"property_beds\" name=\"min_bedrooms\">\n\t\t\t\t\t<option value=\"\">wiele<\/option>\n\t\t\t\t\t<option value=\"1\" >1<\/option><option value=\"2\" >2<\/option><option value=\"3\" >3<\/option><option value=\"4\" >4<\/option>\t\t\t\t<\/select>\n\t\t\t<\/div>\n\t\t<\/div>\n\n\t\t<div class=\"col-md-3 col-sm-6 col-12\">\n\t\t\t<label for=\"property_baths\">Min. liczba \u0142azienek<\/label>\n\n\t\t\t<div class=\"ignition-oikia-select\">\n\t\t\t\t<select id=\"property_baths\" name=\"min_bathrooms\">\n\t\t\t\t\t<option value=\"\">wiele<\/option>\n\t\t\t\t\t<option value=\"1\" >1<\/option><option value=\"2\" >2<\/option><option value=\"3\" >3<\/option><option value=\"4\" >4<\/option>\t\t\t\t<\/select>\n\t\t\t<\/div>\n\t\t<\/div>\n\n\t\t<div class=\"col-md-3 col-sm-6 col-12\">\n\t\t\t\t\t\t<label for=\"property_max_price\">Max. cena ( PLN)<\/label>\n\t\t\t<input type=\"number\" min=\"0\" step=\"100\" id=\"property_max_price\" name=\"max_price\" value=\"\"\/>\n\t\t<\/div>\n\n\t\t<div class=\"col-md-3 col-sm-6 col-12\">\n\t\t\t<input type=\"submit\" value=\"Wyszukaj nieruchomo\u015bci\" class=\"property-filters-submit\" \/>\n\t\t<\/div>\n\t<\/div>\n<\/form>\n<\/div>\n\n\n<div\n\t\t\t\tid=\"block-3651e2-efa7-4e\"\n\t\t\t\tclass=\"wp-block-gutenbee-post-types block-3651e2-efa7-4e \"\n\t\t\t\t\t\t\t><div class=\"row row-items row-columns-3\">\t\t\t\t<div class=\"aktywne mieszkanie term-122 term-11 col-lg-4 col-sm-6 col-12\">\n<div id=\"entry-item-701\" class=\"entry-item post-701 ignition-property type-ignition-property status-publish has-post-thumbnail hentry ignition_property_type-aktywne ignition_property_type-mieszkanie ignition_property_status-wynajem ignition_property_amenity-balkony ignition_property_amenity-internet ignition_property_amenity-ogrzewanie ignition_property_location-wola ignition_property_agent-jadwiga-piwonska\">\n\t\t\t<figure class=\"entry-item-thumb\">\n\t\t\t<a href=\"https:\/\/ziemowit.net\/index.php\/property\/mieszkanie-warszawa-wola\/\">\n\t\t\t\t<img loading=\"lazy\" decoding=\"async\" width=\"615\" height=\"410\" src=\"https:\/\/ziemowit.net\/wp-content\/uploads\/2024\/09\/3-615x410.png\" class=\"attachment-ignition_item size-ignition_item wp-post-image\" alt=\"\" srcset=\"https:\/\/ziemowit.net\/wp-content\/uploads\/2024\/09\/3-615x410.png 615w, https:\/\/ziemowit.net\/wp-content\/uploads\/2024\/09\/3-870x580.png 870w, https:\/\/ziemowit.net\/wp-content\/uploads\/2024\/09\/3-1170x780.png 1170w\" sizes=\"auto, (max-width: 615px) 100vw, 615px\" \/>\t\t\t<\/a>\n\t\t<\/figure>\n\t\n\t<div class=\"entry-item-content\">\n\t\t<h2 class=\"entry-item-title\"><a href=\"https:\/\/ziemowit.net\/index.php\/property\/mieszkanie-warszawa-wola\/\">Eleganckie mieszkanie dla singla lub pary I Warszawa I 47m\u00b2\u00a0<\/a><\/h2>\n\t\t<div class=\"entry-meta\">\n\t\t\t<div class=\"entry-meta\"><span class=\"entry-meta-item entry-categories\"><a href=\"https:\/\/ziemowit.net\/index.php\/property-type\/aktywne\/\">Aktywne<\/a><a href=\"https:\/\/ziemowit.net\/index.php\/property-type\/mieszkanie\/\">Mieszkanie<\/a><a href=\"https:\/\/ziemowit.net\/index.php\/property-status\/wynajem\/\">Wynajem<\/a><\/span><\/div>\t\t<\/div>\n\n\t\t\n\t\t<a href=\"https:\/\/ziemowit.net\/index.php\/property\/mieszkanie-warszawa-wola\/\" class=\"btn btn-entry-more\">\n\t\t\t4 000 z\u0142 \/miesi\u0105c\t\t<\/a>\n\t<\/div>\n<\/div>\n<\/div>\t\t\t\t<div class=\"dzialka-budowlana dzialka term-78 term-76 col-lg-4 col-sm-6 col-12\">\n<div id=\"entry-item-1025\" class=\"entry-item post-1025 ignition-property type-ignition-property status-publish has-post-thumbnail hentry ignition_property_type-dzialka-budowlana ignition_property_type-dzialka ignition_property_status-sprzedaz ignition_property_location-grodzisk-mazowiecki-gmina ignition_property_location-grodziski-powiat ignition_property_location-kady-gmina-grodzisk-mazowiecki ignition_property_agent-jadwiga-piwonska\">\n\t\t\t<figure class=\"entry-item-thumb\">\n\t\t\t<a href=\"https:\/\/ziemowit.net\/index.php\/property\/dzialka-budowlana-kady-grodzisk\/\">\n\t\t\t\t<img loading=\"lazy\" decoding=\"async\" width=\"615\" height=\"410\" src=\"https:\/\/ziemowit.net\/wp-content\/uploads\/2026\/02\/6194a797-2ddc-46bb-963e-bf962d72c7a5-615x410.avif\" class=\"attachment-ignition_item size-ignition_item not-transparent wp-post-image\" alt=\"\" srcset=\"https:\/\/ziemowit.net\/wp-content\/uploads\/2026\/02\/6194a797-2ddc-46bb-963e-bf962d72c7a5-615x410.avif 615w, https:\/\/ziemowit.net\/wp-content\/uploads\/2026\/02\/6194a797-2ddc-46bb-963e-bf962d72c7a5-870x580.avif 870w, https:\/\/ziemowit.net\/wp-content\/uploads\/2026\/02\/6194a797-2ddc-46bb-963e-bf962d72c7a5-1170x780.avif 1170w\" sizes=\"auto, (max-width: 615px) 100vw, 615px\" data-has-transparency=\"false\" data-dominant-color=\"7b8688\" style=\"--dominant-color: #7b8688;\" \/>\t\t\t<\/a>\n\t\t<\/figure>\n\t\n\t<div class=\"entry-item-content\">\n\t\t<h2 class=\"entry-item-title\"><a href=\"https:\/\/ziemowit.net\/index.php\/property\/dzialka-budowlana-kady-grodzisk\/\">Dzia\u0142ka budowlana Kady, Grodzisk Mazowiecki \u2013 1 535 m\u00b2 | Przy WKD |<\/a><\/h2>\n\t\t<div class=\"entry-meta\">\n\t\t\t<div class=\"entry-meta\"><span class=\"entry-meta-item entry-categories\"><a href=\"https:\/\/ziemowit.net\/index.php\/property-type\/dzialka-budowlana\/\">Budowlana<\/a><a href=\"https:\/\/ziemowit.net\/index.php\/property-type\/dzialka\/\">Dzia\u0142ka<\/a><a href=\"https:\/\/ziemowit.net\/index.php\/property-status\/sprzedaz\/\">Sprzeda\u017c<\/a><\/span><\/div>\t\t<\/div>\n\n\t\t\n\t\t<a href=\"https:\/\/ziemowit.net\/index.php\/property\/dzialka-budowlana-kady-grodzisk\/\" class=\"btn btn-entry-more\">\n\t\t\t<span class=\"ignition-icons ignition-icons-long-arrow-alt-down\"><span class=\"screen-reader-text\">Cena obni\u017cona.<\/span><\/span>  450&nbsp;000 PLN\t\t<\/a>\n\t<\/div>\n<\/div>\n<\/div>\t\t\t\t<div class=\"dzialka-budowlana dzialka prostokatny-ksztalt-dzialki term-78 term-76 term-89 col-lg-4 col-sm-6 col-12\">\n<div id=\"entry-item-772\" class=\"entry-item post-772 ignition-property type-ignition-property status-publish has-post-thumbnail hentry ignition_property_type-dzialka-budowlana ignition_property_type-dzialka ignition_property_type-prostokatny-ksztalt-dzialki ignition_property_status-sprzedaz ignition_property_location-ksiazenice-gmina-grodzisk-mazowiecki ignition_property_agent-jadwiga-piwonska\">\n\t\t\t<figure class=\"entry-item-thumb\">\n\t\t\t<a href=\"https:\/\/ziemowit.net\/index.php\/property\/dzialka-lesno-budowlana-ksiazenice\/\">\n\t\t\t\t<img loading=\"lazy\" decoding=\"async\" width=\"615\" height=\"410\" src=\"https:\/\/ziemowit.net\/wp-content\/uploads\/2024\/11\/IMG_5517-615x410.avif\" class=\"attachment-ignition_item size-ignition_item not-transparent wp-post-image\" alt=\"\" srcset=\"https:\/\/ziemowit.net\/wp-content\/uploads\/2024\/11\/IMG_5517-615x410.avif 615w, https:\/\/ziemowit.net\/wp-content\/uploads\/2024\/11\/IMG_5517-870x580.avif 870w, https:\/\/ziemowit.net\/wp-content\/uploads\/2024\/11\/IMG_5517-1170x780.avif 1170w\" sizes=\"auto, (max-width: 615px) 100vw, 615px\" data-has-transparency=\"false\" data-dominant-color=\"575923\" style=\"--dominant-color: #575923;\" \/>\t\t\t<\/a>\n\t\t<\/figure>\n\t\n\t<div class=\"entry-item-content\">\n\t\t<h2 class=\"entry-item-title\"><a href=\"https:\/\/ziemowit.net\/index.php\/property\/dzialka-lesno-budowlana-ksiazenice\/\">Dzia\u0142ka le\u015bno-budowlana 6500 m\u00b2 | Ksi\u0105\u017cenice, Grodzisk Mazowiec<\/a><\/h2>\n\t\t<div class=\"entry-meta\">\n\t\t\t<div class=\"entry-meta\"><span class=\"entry-meta-item entry-categories\"><a href=\"https:\/\/ziemowit.net\/index.php\/property-type\/dzialka-budowlana\/\">Budowlana<\/a><a href=\"https:\/\/ziemowit.net\/index.php\/property-type\/dzialka\/\">Dzia\u0142ka<\/a><a href=\"https:\/\/ziemowit.net\/index.php\/property-type\/prostokatny-ksztalt-dzialki\/\">Prostok\u0105tny kszta\u0142t dzia\u0142ki<\/a><a href=\"https:\/\/ziemowit.net\/index.php\/property-status\/sprzedaz\/\">Sprzeda\u017c<\/a><\/span><\/div>\t\t<\/div>\n\n\t\t\t\t\t<div class=\"entry-item-excerpt\">\n\t\t\t\t<p>Twoje miejsce w\u015br\u00f3d drzew \u2013 6500 m\u00b2 w Ksi\u0105\u017cenicach! <\/p>\n\t\t\t<\/div>\n\t\t\n\t\t<a href=\"https:\/\/ziemowit.net\/index.php\/property\/dzialka-lesno-budowlana-ksiazenice\/\" class=\"btn btn-entry-more\">\n\t\t\t<span class=\"ignition-icons ignition-icons-long-arrow-alt-down\"><span class=\"screen-reader-text\">Cena obni\u017cona.<\/span><\/span>  1&nbsp;390&nbsp;000 PLN <sup>PLN<\/sup>\t\t<\/a>\n\t<\/div>\n<\/div>\n<\/div><\/div><\/div>\n\n\n<div class=\"wp-block-buttons alignwide .duzy-przycisk {  padding: 16px 28px; font-size: 18px; border-radius: 6px; } is-content-justification-center is-layout-flex wp-container-core-buttons-is-layout-16018d1d wp-block-buttons-is-layout-flex\">\n<div class=\"wp-block-button has-custom-width wp-block-button__width-50 .duzy-przycisk {  padding: 16px 28px; font-size: 18px; border-radius: 6px; }\"><a class=\"wp-block-button__link has-text-align-center wp-element-button\" href=\"https:\/\/ziemowit.net\/index.php\/oferta\/\">Zobacz ca\u0142\u0105 oferte<\/a><\/div>\n<\/div>\n\n\n\n<div id=\"block-ff08b9-a4fa-4c\" class=\"wp-block-gutenbee-container alignfull block-ff08b9-a4fa-4c theme-grid has-background-image has-background-overlay\">\n  <style>\n    .wp-block-gutenbee-container.block-ff08b9-a4fa-4c {\n      margin-bottom: 70px; padding-top: 90px; padding-bottom: 150px;\n      align-items: center; justify-content: center;\n    }\n    .wp-block-gutenbee-container.block-ff08b9-a4fa-4c > .wp-block-gutenbee-container-background {\n      background-image: url(https:\/\/ziemowit.net\/wp-content\/uploads\/2022\/05\/tlo-stary-dom-duze.jpg);\n      background-repeat: no-repeat; background-size: cover;\n      background-position: top center; background-attachment: scroll;\n    }\n  <\/style>\n  <div class=\"wp-block-gutenbee-container-inner\">\n    <div class=\"wp-block-gutenbee-container-row wp-block-gutenbee-container-lg\">\n      <div class=\"wp-block-gutenbee-column block-2b520c-6a76-49\">\n        <style>\n          .wp-block-gutenbee-column.block-2b520c-6a76-49 { flex-basis: 100%; }\n          @media (max-width: 991px) { .wp-block-gutenbee-column.block-2b520c-6a76-49 { flex-basis: 100%; } }\n          @media (max-width: 575px) { .wp-block-gutenbee-column.block-2b520c-6a76-49 { flex-basis: 100%; } }\n        <\/style>\n        <div class=\"wp-block-gutenbee-column-content\">\n          <h3 class=\"wp-block-gutenbee-heading has-text-color\" style=\"color:#ffffff\">&#x1f3e0; Szukamy domu dla Klienta!<\/h3>\n          <style>.wp-block-gutenbee-heading { margin-bottom: 10px; font-size: 30px; }<\/style>\n\n          <p class=\"has-theme-white-color has-text-color\">\n            &#x2705; Rejon: Pruszk\u00f3w\u2013Grodzisk (Milan\u00f3wek, Podkowa Le\u015bna, Owczarnia)<br>\n            &#x2705; Powierzchnia domu: 70\u2013120 m\u00b2<br>\n            &#x2705; Dzia\u0142ka: 600\u20131000 m\u00b2<br>\n            &#x2705; Mo\u017ce by\u0107 z lat 60.\u201390., do remontu (ale zadbany)<br>\n            &#x2705; Z potencja\u0142em rozbudowy (strych, dobud\u00f3wka)\n          <\/p>\n\n          <div class=\"wp-block-gutenbee-buttons\">\n            <div class=\"wp-block-gutenbee-button\">\n              <a href=\"tel:+48502088795\" class=\"gutenbee-block-button-link\">&#x1f4de; +48 502 088 795<\/a>\n            <\/div>\n            <div class=\"wp-block-gutenbee-button\">\n              <a href=\"mailto:biuro@ziemowit.net\" class=\"gutenbee-block-button-link\">&#x1f4e7; biuro@ziemowit.net<\/a>\n            <\/div>\n          <\/div>\n\n        <\/div>\n      <\/div>\n      <div class=\"wp-block-gutenbee-column block-68eb7d-92ff-47\">\n        <style>\n          .wp-block-gutenbee-column.block-68eb7d-92ff-47 { flex-basis: 100%; }\n          @media (max-width: 991px) { .wp-block-gutenbee-column.block-68eb7d-92ff-47 { flex-basis: 100%; } }\n          @media (max-width: 575px) { .wp-block-gutenbee-column.block-68eb7d-92ff-47 { flex-basis: 100%; } }\n        <\/style>\n        <div class=\"wp-block-gutenbee-column-content\"><\/div>\n      <\/div>\n    <\/div>\n    <div class=\"wp-block-gutenbee-container-background-overlay\" style=\"background-color:rgba(0, 0, 0, 0.45)\"><\/div>\n  <\/div>\n  <div class=\"wp-block-gutenbee-container-background\" data-parallax-speed=\"0.3\"><\/div>\n<\/div>\n\n\n\n<h2 class=\"wp-block-heading\">Agenci Prowadz\u0105cy:<\/h2>\n\n\n<div\n\t\t\t\tid=\"block-5a8370-c65f-48\"\n\t\t\t\tclass=\"wp-block-gutenbee-post-types block-5a8370-c65f-48 \"\n\t\t\t\t\t\t\t><div class=\"row row-items row-columns-3\">\t\t\t\t<div class=\"col-lg-4 col-sm-6 col-12\">\n<div id=\"entry-item-33\" class=\"entry-item post-33 ignition-agent type-ignition-agent status-publish has-post-thumbnail hentry\">\n\t\t\t<figure class=\"entry-item-thumb\">\n\t\t\t<a href=\"https:\/\/ziemowit.net\/index.php\/agent\/jadwiga-piwonska\/\">\n\t\t\t\t<img loading=\"lazy\" decoding=\"async\" width=\"615\" height=\"410\" src=\"https:\/\/ziemowit.net\/wp-content\/uploads\/2022\/02\/241803267_4594733747224639_685669896205257486_n-615x410.jpg\" class=\"attachment-ignition_item size-ignition_item wp-post-image\" alt=\"\" srcset=\"https:\/\/ziemowit.net\/wp-content\/uploads\/2022\/02\/241803267_4594733747224639_685669896205257486_n-615x410.jpg 615w, https:\/\/ziemowit.net\/wp-content\/uploads\/2022\/02\/241803267_4594733747224639_685669896205257486_n-870x580.jpg 870w, https:\/\/ziemowit.net\/wp-content\/uploads\/2022\/02\/241803267_4594733747224639_685669896205257486_n-1170x780.jpg 1170w\" sizes=\"auto, (max-width: 615px) 100vw, 615px\" \/>\t\t\t<\/a>\n\t\t<\/figure>\n\t\n\t<div class=\"entry-item-content\">\n\t\t<h2 class=\"entry-item-title\"><a href=\"https:\/\/ziemowit.net\/index.php\/agent\/jadwiga-piwonska\/\">Jadwiga Piwo\u0144ska<\/a><\/h2>\n\t\t\t\t\t\t<div class=\"entry-item-agent-contact\">\n\t\t\ttel.: +48 502 088 795\t\t<\/div>\n\t\t\n\t\t\t\t\t<div class=\"entry-item-excerpt\">\n\t\t\t\t<p>Jadwiga Piwo\u0144ska, mgr administracji, licencjonowana agent nieruchomo\u015bci; by\u0142a burmistrz Podkowy Le\u015bnej<\/p>\n\t\t\t<\/div>\n\t\t\n\t\t<a href=\"https:\/\/ziemowit.net\/index.php\/agent\/jadwiga-piwonska\/\" class=\"btn btn-entry-more\">\n\t\t\tDowiedz si\u0119 wi\u0119cej\t\t<\/a>\n\t<\/div>\n<\/div>\n<\/div>\t\t\t\t<div class=\"col-lg-4 col-sm-6 col-12\">\n<div id=\"entry-item-958\" class=\"entry-item post-958 ignition-agent type-ignition-agent status-publish has-post-thumbnail hentry\">\n\t\t\t<figure class=\"entry-item-thumb\">\n\t\t\t<a href=\"https:\/\/ziemowit.net\/index.php\/agent\/wiktor-dabrowka\/\">\n\t\t\t\t<img loading=\"lazy\" decoding=\"async\" width=\"615\" height=\"410\" src=\"https:\/\/ziemowit.net\/wp-content\/uploads\/2025\/09\/541004707_1309603880604838_6486867018563876722_n-615x410.avif\" class=\"attachment-ignition_item size-ignition_item not-transparent wp-post-image\" alt=\"\" srcset=\"https:\/\/ziemowit.net\/wp-content\/uploads\/2025\/09\/541004707_1309603880604838_6486867018563876722_n-615x410.avif 615w, https:\/\/ziemowit.net\/wp-content\/uploads\/2025\/09\/541004707_1309603880604838_6486867018563876722_n-870x580.avif 870w, https:\/\/ziemowit.net\/wp-content\/uploads\/2025\/09\/541004707_1309603880604838_6486867018563876722_n-1170x780.avif 1170w\" sizes=\"auto, (max-width: 615px) 100vw, 615px\" data-has-transparency=\"false\" data-dominant-color=\"bbb3b1\" style=\"--dominant-color: #bbb3b1;\" \/>\t\t\t<\/a>\n\t\t<\/figure>\n\t\n\t<div class=\"entry-item-content\">\n\t\t<h2 class=\"entry-item-title\"><a href=\"https:\/\/ziemowit.net\/index.php\/agent\/wiktor-dabrowka\/\">Wiktor D\u0105br\u00f3wka<\/a><\/h2>\n\t\t\t\t\t\t<div class=\"entry-item-agent-contact\">\n\t\t\ttel.: +48 505 329 743\t\t<\/div>\n\t\t\n\t\t\t\t\t<div class=\"entry-item-excerpt\">\n\t\t\t\t<p>Sta\u017cysta | IT i Nowe Technologie | Og\u0142oszenia, Social Media, Fotografia<\/p>\n\t\t\t<\/div>\n\t\t\n\t\t<a href=\"https:\/\/ziemowit.net\/index.php\/agent\/wiktor-dabrowka\/\" class=\"btn btn-entry-more\">\n\t\t\tDowiedz si\u0119 wi\u0119cej\t\t<\/a>\n\t<\/div>\n<\/div>\n<\/div><\/div><\/div>\n\n\n<div id=\"block-568c9a-2328-42\" class=\"wp-block-gutenbee-container alignfull block-568c9a-2328-42\">\n  <style>\n    .wp-block-gutenbee-container.block-568c9a-2328-42 {\n      height: 500px; margin-bottom: 0px;\n      align-items: center; justify-content: center;\n    }\n  <\/style>\n  <div class=\"wp-block-gutenbee-container-inner\">\n    <div class=\"wp-block-gutenbee-container-row wp-block-gutenbee-container-lg\">\n      <div class=\"wp-block-gutenbee-column block-c0ab4d-8683-4d\">\n        <style>\n          .wp-block-gutenbee-column.block-c0ab4d-8683-4d { flex-basis: 100%; }\n          @media (max-width: 991px) {\n            .wp-block-gutenbee-column.block-c0ab4d-8683-4d { flex-basis: 100%; }\n          }\n          @media (max-width: 575px) {\n            .wp-block-gutenbee-column.block-c0ab4d-8683-4d { flex-basis: 100%; }\n          }\n        <\/style>\n        <div class=\"wp-block-gutenbee-column-content\">\n          \t<div class=\"hero-map\">\n\t\t<div id=\"ignition_properties_map\" class=\"ignition-properties-map map\" data-query=\"property_search=1&amp;post_type=ignition-property&amp;action=ignition_get_property_search_map_data&amp;page=0&amp;reference_id&amp;max_price&amp;min_bedrooms&amp;min_bathrooms&amp;s_property_type&amp;s_property_status&amp;s_property_amenity&amp;s_property_location&amp;s_property_agent\"><\/div>\n\t<\/div>\n\t\n        <\/div>\n      <\/div>\n    <\/div>\n  <\/div>\n  <div class=\"wp-block-gutenbee-container-background\" data-parallax-speed=\"0.3\"><\/div>\n<\/div>\n","protected":false},"excerpt":{"rendered":"<p>&#x1f3e0; Szukamy domu dla Klienta! &#x2705; Rejon: Pruszk\u00f3w\u2013Grodzisk (Milan\u00f3wek, Podkowa Le\u015bna, Owczarnia) &#x2705; Powierzchnia domu: 70\u2013120 m\u00b2 &#x2705; Dzia\u0142ka: 600\u20131000 m\u00b2 &#x2705; Mo\u017ce by\u0107 z lat 60.\u201390., do remontu (ale zadbany) &#x2705; Z potencja\u0142em rozbudowy [&hellip;]<\/p>\n","protected":false},"author":1,"featured_media":0,"parent":0,"menu_order":0,"comment_status":"closed","ping_status":"closed","template":"templates\/template-fullwidth-boxed.php","meta":{"footnotes":""},"class_list":["post-36","page","type-page","status-publish","hentry"],"aioseo_notices":[],"_links":{"self":[{"href":"https:\/\/ziemowit.net\/index.php\/wp-json\/wp\/v2\/pages\/36","targetHints":{"allow":["GET"]}}],"collection":[{"href":"https:\/\/ziemowit.net\/index.php\/wp-json\/wp\/v2\/pages"}],"about":[{"href":"https:\/\/ziemowit.net\/index.php\/wp-json\/wp\/v2\/types\/page"}],"author":[{"embeddable":true,"href":"https:\/\/ziemowit.net\/index.php\/wp-json\/wp\/v2\/users\/1"}],"replies":[{"embeddable":true,"href":"https:\/\/ziemowit.net\/index.php\/wp-json\/wp\/v2\/comments?post=36"}],"version-history":[{"count":46,"href":"https:\/\/ziemowit.net\/index.php\/wp-json\/wp\/v2\/pages\/36\/revisions"}],"predecessor-version":[{"id":1048,"href":"https:\/\/ziemowit.net\/index.php\/wp-json\/wp\/v2\/pages\/36\/revisions\/1048"}],"wp:attachment":[{"href":"https:\/\/ziemowit.net\/index.php\/wp-json\/wp\/v2\/media?parent=36"}],"curies":[{"name":"wp","href":"https:\/\/api.w.org\/{rel}","templated":true}]}}