{"id":43,"date":"2022-02-14T15:25:02","date_gmt":"2022-02-14T13:25:02","guid":{"rendered":"https:\/\/www.cssigniter.com\/demos\/oikia\/?page_id=43"},"modified":"2022-02-14T15:25:02","modified_gmt":"2022-02-14T13:25:02","slug":"agents-2-columns","status":"publish","type":"page","link":"https:\/\/ziemowit.net\/index.php\/agents-2-columns\/","title":{"rendered":"Agents 1 Column"},"content":{"rendered":"<div\n\t\t\t\tid=\"block-c76064-1ea9-48\"\n\t\t\t\tclass=\"wp-block-gutenbee-post-types block-c76064-1ea9-48 \"\n\t\t\t\t\t\t\t><div class=\"row row-items row-columns-1\">\t\t\t\t<div class=\"col-12\">\n\n<article id=\"entry-33\" class=\"entry-item entry-item-media post-33 ignition-agent type-ignition-agent status-publish has-post-thumbnail hentry\">\n\t\t<figure class=\"entry-thumb\">\n\t\t<a href=\"https:\/\/ziemowit.net\/index.php\/agent\/jadwiga-piwonska\/\">\n\t\t\t<img loading=\"lazy\" decoding=\"async\" width=\"620\" height=\"620\" src=\"https:\/\/ziemowit.net\/wp-content\/uploads\/2022\/02\/241803267_4594733747224639_685669896205257486_n-620x620.jpg\" class=\"attachment-ignition_article_media size-ignition_article_media wp-post-image\" alt=\"\" srcset=\"https:\/\/ziemowit.net\/wp-content\/uploads\/2022\/02\/241803267_4594733747224639_685669896205257486_n-620x620.jpg 620w, https:\/\/ziemowit.net\/wp-content\/uploads\/2022\/02\/241803267_4594733747224639_685669896205257486_n-150x150.jpg 150w, https:\/\/ziemowit.net\/wp-content\/uploads\/2022\/02\/241803267_4594733747224639_685669896205257486_n-160x160.jpg 160w\" sizes=\"auto, (max-width: 620px) 100vw, 620px\" \/>\t\t<\/a>\n\t<\/figure>\n\t\n\t<div class=\"entry-item-content-wrap\">\n\t\t<header class=\"entry-header\"><h2 class=\"entry-title\"><a href=\"https:\/\/ziemowit.net\/index.php\/agent\/jadwiga-piwonska\/\">Jadwiga Piwo\u0144ska<\/a><\/h2><\/header>\n\t\t\t\t\t\t\t<div class=\"entry-item-agent-contact\">\n\t\t\t\ttel.: +48 502 088 795\t\t\t<\/div>\n\t\t\n\t\t\t\t\t<div class=\"entry-item-excerpt\">\n\t\t\t\t<p>Jadwiga Piwo\u0144ska, mgr administracji, licencjonowana agent nieruchomo\u015bci; by\u0142a burmistrz Podkowy Le\u015bnej<\/p>\n\t\t\t<\/div>\n\t\t\n\t\t<a href=\"https:\/\/ziemowit.net\/index.php\/agent\/jadwiga-piwonska\/\" class=\"btn entry-more-btn\">\n\t\t\tDowiedz si\u0119 wi\u0119cej\t\t<\/a>\n\t<\/div>\n<\/article>\n\n<\/div>\t\t\t\t<div class=\"col-12\">\n\n<article id=\"entry-958\" class=\"entry-item entry-item-media post-958 ignition-agent type-ignition-agent status-publish has-post-thumbnail hentry\">\n\t\t<figure class=\"entry-thumb\">\n\t\t<a href=\"https:\/\/ziemowit.net\/index.php\/agent\/wiktor-dabrowka\/\">\n\t\t\t<img loading=\"lazy\" decoding=\"async\" width=\"620\" height=\"620\" src=\"https:\/\/ziemowit.net\/wp-content\/uploads\/2025\/09\/541004707_1309603880604838_6486867018563876722_n-620x620.avif\" class=\"attachment-ignition_article_media size-ignition_article_media not-transparent wp-post-image\" alt=\"\" srcset=\"https:\/\/ziemowit.net\/wp-content\/uploads\/2025\/09\/541004707_1309603880604838_6486867018563876722_n-620x620.avif 620w, https:\/\/ziemowit.net\/wp-content\/uploads\/2025\/09\/541004707_1309603880604838_6486867018563876722_n-300x300.avif 300w, https:\/\/ziemowit.net\/wp-content\/uploads\/2025\/09\/541004707_1309603880604838_6486867018563876722_n-1024x1024.avif 1024w, https:\/\/ziemowit.net\/wp-content\/uploads\/2025\/09\/541004707_1309603880604838_6486867018563876722_n-150x150.avif 150w, https:\/\/ziemowit.net\/wp-content\/uploads\/2025\/09\/541004707_1309603880604838_6486867018563876722_n-768x768.avif 768w, https:\/\/ziemowit.net\/wp-content\/uploads\/2025\/09\/541004707_1309603880604838_6486867018563876722_n-1536x1536.avif 1536w, https:\/\/ziemowit.net\/wp-content\/uploads\/2025\/09\/541004707_1309603880604838_6486867018563876722_n-160x160.avif 160w, https:\/\/ziemowit.net\/wp-content\/uploads\/2025\/09\/541004707_1309603880604838_6486867018563876722_n.avif 2048w\" sizes=\"auto, (max-width: 620px) 100vw, 620px\" data-has-transparency=\"false\" data-dominant-color=\"bbb3b1\" style=\"--dominant-color: #bbb3b1;\" \/>\t\t<\/a>\n\t<\/figure>\n\t\n\t<div class=\"entry-item-content-wrap\">\n\t\t<header class=\"entry-header\"><h2 class=\"entry-title\"><a href=\"https:\/\/ziemowit.net\/index.php\/agent\/wiktor-dabrowka\/\">Wiktor D\u0105br\u00f3wka<\/a><\/h2><\/header>\n\t\t\t\t\t\t\t<div class=\"entry-item-agent-contact\">\n\t\t\t\ttel.: +48 505 329 743\t\t\t<\/div>\n\t\t\n\t\t\t\t\t<div class=\"entry-item-excerpt\">\n\t\t\t\t<p>Sta\u017cysta | IT i Nowe Technologie | Og\u0142oszenia, Social Media, Fotografia<\/p>\n\t\t\t<\/div>\n\t\t\n\t\t<a href=\"https:\/\/ziemowit.net\/index.php\/agent\/wiktor-dabrowka\/\" class=\"btn entry-more-btn\">\n\t\t\tDowiedz si\u0119 wi\u0119cej\t\t<\/a>\n\t<\/div>\n<\/article>\n\n<\/div><\/div><\/div>","protected":false},"excerpt":{"rendered":"","protected":false},"author":1,"featured_media":0,"parent":0,"menu_order":0,"comment_status":"closed","ping_status":"closed","template":"","meta":{"footnotes":""},"class_list":["post-43","page","type-page","status-publish","hentry"],"aioseo_notices":[],"_links":{"self":[{"href":"https:\/\/ziemowit.net\/index.php\/wp-json\/wp\/v2\/pages\/43","targetHints":{"allow":["GET"]}}],"collection":[{"href":"https:\/\/ziemowit.net\/index.php\/wp-json\/wp\/v2\/pages"}],"about":[{"href":"https:\/\/ziemowit.net\/index.php\/wp-json\/wp\/v2\/types\/page"}],"author":[{"embeddable":true,"href":"https:\/\/ziemowit.net\/index.php\/wp-json\/wp\/v2\/users\/1"}],"replies":[{"embeddable":true,"href":"https:\/\/ziemowit.net\/index.php\/wp-json\/wp\/v2\/comments?post=43"}],"version-history":[{"count":0,"href":"https:\/\/ziemowit.net\/index.php\/wp-json\/wp\/v2\/pages\/43\/revisions"}],"wp:attachment":[{"href":"https:\/\/ziemowit.net\/index.php\/wp-json\/wp\/v2\/media?parent=43"}],"curies":[{"name":"wp","href":"https:\/\/api.w.org\/{rel}","templated":true}]}}